{"id":158,"date":"2022-08-14T12:22:37","date_gmt":"2022-08-14T12:22:37","guid":{"rendered":"https:\/\/carperformance.at\/?page_id=158"},"modified":"2023-06-09T19:21:20","modified_gmt":"2023-06-09T19:21:20","slug":"ueber-uns","status":"publish","type":"page","link":"https:\/\/schiessling-racing.at\/index.php\/ueber-uns\/","title":{"rendered":"\u00dcber  uns"},"content":{"rendered":"\n<section id=\"gmb57f8d7\" class=\"wp-block-gutentor-m3 section-gmb57f8d7 gutentor-module gutentor-container-cover has-image-bg has-custom-bg g-valign-c-mobile g-valign-c-tablet g-valign-c-desktop animated bounceIn\"><div class=\"grid-container\">\n<div style=\"height:56px\" aria-hidden=\"true\" class=\"wp-block-spacer\"><\/div>\n\n\n\n<div style=\"height:56px\" aria-hidden=\"true\" class=\"wp-block-spacer\"><\/div>\n\n\n<div class=\"wp-block-image\">\n<figure class=\"aligncenter size-large is-resized\"><img loading=\"lazy\" src=\"https:\/\/schiessling-racing.at\/wp-content\/uploads\/2023\/02\/srlogo-1024x409.png\" alt=\"\" class=\"wp-image-246\" width=\"516\" height=\"206\" srcset=\"https:\/\/schiessling-racing.at\/wp-content\/uploads\/2023\/02\/srlogo-1024x409.png 1024w, https:\/\/schiessling-racing.at\/wp-content\/uploads\/2023\/02\/srlogo-300x120.png 300w, https:\/\/schiessling-racing.at\/wp-content\/uploads\/2023\/02\/srlogo-768x307.png 768w, https:\/\/schiessling-racing.at\/wp-content\/uploads\/2023\/02\/srlogo.png 1200w\" sizes=\"(max-width: 516px) 100vw, 516px\" \/><\/figure><\/div><\/div><\/section>\n\n\n\n<section id=\"gm25a40b2\" class=\"wp-block-gutentor-m3 section-gm25a40b2 gutentor-module gutentor-container-cover has-image-bg has-custom-bg animated bounceIn\"><div class=\"grid-container\">\n<div style=\"height:56px\" aria-hidden=\"true\" class=\"wp-block-spacer\"><\/div>\n\n\n\n<h2 class=\"animated backInLeft has-nv-c-2-color has-text-color\">Philosophie <\/h2>\n\n\n\n<h2>Wir l(i)eben Motorsport!<\/h2>\n\n\n\n<h3>Den Klang der Motoren, den Geruch von Benzin und Motor\u00f6l empfinden wir als Wohltat f\u00fcr die Seele!<\/h3>\n\n\n\n<p>Ob Profi oder Anf\u00e4nger, jeder ist bei uns willkommen und wird nach seinen pers\u00f6nlichen Bed\u00fcrfnissen und W\u00fcnschen von uns betreut! Wir bieten unseren Kunden vom Trackday, \u00fcber Training am Simulator bis zur Rundum-Betreuung an der Rennstrecke, vorallem aber auch Spa\u00df an der Sache! Unser Team ist stets bem\u00fcht, unsere Kunden in jeder Hinsicht zufrieden zu stellen.<\/p>\n\n\n\n<p>Wir verf\u00fcgen \u00fcber 2 LKW, mit welchen wir das Equipment zu den Rennstecken transportieren.<br>Die LKW sind mit gro\u00dfen Zelten ausgestattet, welche einen Werkstattbereich und einen Aufenthaltsbereich bieten.<br>F\u00fcr unsere Fahrer (und deren Familie) bieten wir diverse Getr\u00e4nke, Snacks und auch warmes Essen, sowie die M\u00f6glichkeit, sich auf der Sitzlounge zu erholen und zu fokussieren.<\/p>\n\n\n\n<p>Mit elektronischer Unterst\u00fctzung bieten wir auch Rundenzeit-Management in Verbindung mit Fahrercoaching an, was an Trackdays\/im Training jederzeit in Anspruch genommen werden kann.<\/p>\n\n\n\n<p><strong>Wir freuen uns auf deine Anfrage!<\/strong><\/p>\n\n\n\n<figure class=\"wp-block-image size-large is-resized\"><img loading=\"lazy\" src=\"https:\/\/schiessling-racing.at\/wp-content\/uploads\/2023\/03\/schiesslingracinglogorot-1024x155.png\" alt=\"\" class=\"wp-image-254\" width=\"478\" height=\"72\" srcset=\"https:\/\/schiessling-racing.at\/wp-content\/uploads\/2023\/03\/schiesslingracinglogorot-1024x155.png 1024w, https:\/\/schiessling-racing.at\/wp-content\/uploads\/2023\/03\/schiesslingracinglogorot-300x46.png 300w, https:\/\/schiessling-racing.at\/wp-content\/uploads\/2023\/03\/schiesslingracinglogorot-768x116.png 768w, https:\/\/schiessling-racing.at\/wp-content\/uploads\/2023\/03\/schiesslingracinglogorot.png 1200w\" sizes=\"(max-width: 478px) 100vw, 478px\" \/><\/figure>\n\n\n\n<div style=\"height:56px\" aria-hidden=\"true\" class=\"wp-block-spacer\"><\/div>\n<\/div><\/section>\n","protected":false},"excerpt":{"rendered":"","protected":false},"author":1,"featured_media":0,"parent":0,"menu_order":0,"comment_status":"closed","ping_status":"closed","template":"","meta":{"_coblocks_attr":"","_coblocks_dimensions":"","_coblocks_responsive_height":"","_coblocks_accordion_ie_support":"","neve_meta_sidebar":"","neve_meta_container":"full-width","neve_meta_enable_content_width":"","neve_meta_content_width":0,"neve_meta_title_alignment":"","neve_meta_author_avatar":"","neve_post_elements_order":"","neve_meta_disable_header":"","neve_meta_disable_footer":"","neve_meta_disable_title":"on","_themeisle_gutenberg_block_has_review":false,"_ti_tpc_template_sync":false,"_ti_tpc_template_id":""},"uagb_featured_image_src":{"full":false,"thumbnail":false,"medium":false,"medium_large":false,"large":false,"1536x1536":false,"2048x2048":false,"neve-blog":false},"uagb_author_info":{"display_name":"admin","author_link":"https:\/\/schiessling-racing.at\/index.php\/author\/krems_8iajct9r\/"},"uagb_comment_info":0,"uagb_excerpt":null,"_links":{"self":[{"href":"https:\/\/schiessling-racing.at\/index.php\/wp-json\/wp\/v2\/pages\/158"}],"collection":[{"href":"https:\/\/schiessling-racing.at\/index.php\/wp-json\/wp\/v2\/pages"}],"about":[{"href":"https:\/\/schiessling-racing.at\/index.php\/wp-json\/wp\/v2\/types\/page"}],"author":[{"embeddable":true,"href":"https:\/\/schiessling-racing.at\/index.php\/wp-json\/wp\/v2\/users\/1"}],"replies":[{"embeddable":true,"href":"https:\/\/schiessling-racing.at\/index.php\/wp-json\/wp\/v2\/comments?post=158"}],"version-history":[{"count":7,"href":"https:\/\/schiessling-racing.at\/index.php\/wp-json\/wp\/v2\/pages\/158\/revisions"}],"predecessor-version":[{"id":451,"href":"https:\/\/schiessling-racing.at\/index.php\/wp-json\/wp\/v2\/pages\/158\/revisions\/451"}],"wp:attachment":[{"href":"https:\/\/schiessling-racing.at\/index.php\/wp-json\/wp\/v2\/media?parent=158"}],"curies":[{"name":"wp","href":"https:\/\/api.w.org\/{rel}","templated":true}]}}